{"id":904,"date":"2022-02-10T13:42:29","date_gmt":"2022-02-10T12:42:29","guid":{"rendered":"https:\/\/farmaciaselva.es\/?page_id=904"},"modified":"2022-02-10T13:42:30","modified_gmt":"2022-02-10T12:42:30","slug":"consejos-de-salud","status":"publish","type":"page","link":"https:\/\/farmaciaselva.es\/es\/consejos-de-salud\/","title":{"rendered":"Consejos de salud"},"content":{"rendered":"<style>.wp-show-posts-columns#wpsp-903 {margin-left: -2em; }.wp-show-posts-columns#wpsp-903 .wp-show-posts-inner {margin: 0 0 2em 2em; }<\/style><section id=\"wpsp-903\" class=\" wp-show-posts-columns wp-show-posts\" style=\"\"><article class=\" wp-show-posts-single post-2023 post type-post status-publish format-standard has-post-thumbnail hentry category-consells-es wpsp-col-4\" itemtype=\"http:\/\/schema.org\/CreativeWork\" itemscope><div class=\"wp-show-posts-inner\" style=\"\">\t\t<div class=\"wp-show-posts-image  wpsp-image-center \">\n\t\t\t<a href=\"https:\/\/farmaciaselva.es\/es\/por-que-la-alfalfa-esta-revolucionando-la-cosmetica-al-nivel-del-retinol\/\"  title=\"\u00bfPor qu\u00e9 la alfalfa est\u00e1 revolucionando la cosm\u00e9tica al nivel del retinol?\"><img fetchpriority=\"high\" decoding=\"async\" width=\"800\" height=\"250\" src=\"https:\/\/farmaciaselva.es\/wp-content\/uploads\/2024\/02\/Disen\u0303o-sin-ti\u0301tulo-22.png\" class=\"attachment-full size-full wp-post-image\" alt=\"\" itemprop=\"image\" srcset=\"https:\/\/farmaciaselva.es\/wp-content\/uploads\/2024\/02\/Disen\u0303o-sin-ti\u0301tulo-22.png 800w, https:\/\/farmaciaselva.es\/wp-content\/uploads\/2024\/02\/Disen\u0303o-sin-ti\u0301tulo-22-300x94.png 300w, https:\/\/farmaciaselva.es\/wp-content\/uploads\/2024\/02\/Disen\u0303o-sin-ti\u0301tulo-22-768x240.png 768w, https:\/\/farmaciaselva.es\/wp-content\/uploads\/2024\/02\/Disen\u0303o-sin-ti\u0301tulo-22-600x188.png 600w\" sizes=\"(max-width: 800px) 100vw, 800px\" \/><\/a>\t\t<\/div>\n\t\t\t\t\t\t\t\t<header class=\"wp-show-posts-entry-header\">\n\t\t\t\t\t\t\t<h5 class=\"wp-show-posts-entry-title\" itemprop=\"headline\"><a href=\"https:\/\/farmaciaselva.es\/es\/por-que-la-alfalfa-esta-revolucionando-la-cosmetica-al-nivel-del-retinol\/\" rel=\"bookmark\">\u00bfPor qu\u00e9 la alfalfa est\u00e1 revolucionando la cosm\u00e9tica al nivel del retinol?<\/a><\/h5>\t\t\t\t\t\t<\/header><!-- .entry-header -->\n\t\t\t\t\t\t\t\t\t\t\t<div class=\"wp-show-posts-entry-summary\" itemprop=\"text\">\n\t\t\t\t\t\t\t<p>Nuxuariance Ultra Alfa incorpora la alfalfa como ingrediente estrella en su reformulaci\u00f3n.<\/p>\n\t\t\t\t\t\t<\/div><!-- .entry-summary -->\n\t\t\t\t\t<\/div><!-- wp-show-posts-inner --><\/article><article class=\" wp-show-posts-single post-2010 post type-post status-publish format-standard has-post-thumbnail hentry category-consells-es wpsp-col-4\" itemtype=\"http:\/\/schema.org\/CreativeWork\" itemscope><div class=\"wp-show-posts-inner\" style=\"\">\t\t<div class=\"wp-show-posts-image  wpsp-image-center \">\n\t\t\t<a href=\"https:\/\/farmaciaselva.es\/es\/dieta-plan-detox\/\"  title=\"Plan DETOX 7 d\u00edas\"><img decoding=\"async\" width=\"800\" height=\"250\" src=\"https:\/\/farmaciaselva.es\/wp-content\/uploads\/2024\/02\/An\u0303adir-un-ti\u0301tulo-1.png\" class=\"attachment-full size-full wp-post-image\" alt=\"\" itemprop=\"image\" srcset=\"https:\/\/farmaciaselva.es\/wp-content\/uploads\/2024\/02\/An\u0303adir-un-ti\u0301tulo-1.png 800w, https:\/\/farmaciaselva.es\/wp-content\/uploads\/2024\/02\/An\u0303adir-un-ti\u0301tulo-1-300x94.png 300w, https:\/\/farmaciaselva.es\/wp-content\/uploads\/2024\/02\/An\u0303adir-un-ti\u0301tulo-1-768x240.png 768w, https:\/\/farmaciaselva.es\/wp-content\/uploads\/2024\/02\/An\u0303adir-un-ti\u0301tulo-1-600x188.png 600w\" sizes=\"(max-width: 800px) 100vw, 800px\" \/><\/a>\t\t<\/div>\n\t\t\t\t\t\t\t\t<header class=\"wp-show-posts-entry-header\">\n\t\t\t\t\t\t\t<h5 class=\"wp-show-posts-entry-title\" itemprop=\"headline\"><a href=\"https:\/\/farmaciaselva.es\/es\/dieta-plan-detox\/\" rel=\"bookmark\">Plan DETOX 7 d\u00edas<\/a><\/h5>\t\t\t\t\t\t<\/header><!-- .entry-header -->\n\t\t\t\t\t\t\t\t\t\t\t<div class=\"wp-show-posts-entry-summary\" itemprop=\"text\">\n\t\t\t\t\t\t\t<p>Del 19 al 3 de marzo tenemos en marcha en la farmacia la campa\u00f1a detos. Te cuidamos por dentro para estar bien por fuera.<\/p>\n\t\t\t\t\t\t<\/div><!-- .entry-summary -->\n\t\t\t\t\t<\/div><!-- wp-show-posts-inner --><\/article><article class=\" wp-show-posts-single post-1356 post type-post status-publish format-standard has-post-thumbnail hentry category-consells-es wpsp-col-4\" itemtype=\"http:\/\/schema.org\/CreativeWork\" itemscope><div class=\"wp-show-posts-inner\" style=\"\">\t\t<div class=\"wp-show-posts-image  wpsp-image-center \">\n\t\t\t<a href=\"https:\/\/farmaciaselva.es\/es\/bienestar-intestinal-microbiota\/\"  title=\"\u00bfSab\u00edas que existe una conexi\u00f3n entre tu cerebro y tu intestino?\u00a0\ufffc\"><img decoding=\"async\" width=\"800\" height=\"250\" src=\"https:\/\/farmaciaselva.es\/wp-content\/uploads\/2023\/04\/microbiota-intestinal-1.png\" class=\"attachment-full size-full wp-post-image\" alt=\"\" itemprop=\"image\" srcset=\"https:\/\/farmaciaselva.es\/wp-content\/uploads\/2023\/04\/microbiota-intestinal-1.png 800w, https:\/\/farmaciaselva.es\/wp-content\/uploads\/2023\/04\/microbiota-intestinal-1-300x94.png 300w, https:\/\/farmaciaselva.es\/wp-content\/uploads\/2023\/04\/microbiota-intestinal-1-768x240.png 768w, https:\/\/farmaciaselva.es\/wp-content\/uploads\/2023\/04\/microbiota-intestinal-1-600x188.png 600w\" sizes=\"(max-width: 800px) 100vw, 800px\" \/><\/a>\t\t<\/div>\n\t\t\t\t\t\t\t\t<header class=\"wp-show-posts-entry-header\">\n\t\t\t\t\t\t\t<h5 class=\"wp-show-posts-entry-title\" itemprop=\"headline\"><a href=\"https:\/\/farmaciaselva.es\/es\/bienestar-intestinal-microbiota\/\" rel=\"bookmark\">\u00bfSab\u00edas que existe una conexi\u00f3n entre tu cerebro y tu intestino?\u00a0\ufffc<\/a><\/h5>\t\t\t\t\t\t<\/header><!-- .entry-header -->\n\t\t\t\t\t\t\t\t\t\t\t<div class=\"wp-show-posts-entry-summary\" itemprop=\"text\">\n\t\t\t\t\t\t\t<p>La microbiota intestinal, tambi\u00e9n conocida como flora intestinal, es un componente clave de esta relaci\u00f3n<\/p>\n\t\t\t\t\t\t<\/div><!-- .entry-summary -->\n\t\t\t\t\t<\/div><!-- wp-show-posts-inner --><\/article><article class=\" wp-show-posts-single post-1191 post type-post status-publish format-standard has-post-thumbnail hentry category-consells-es wpsp-col-4\" itemtype=\"http:\/\/schema.org\/CreativeWork\" itemscope><div class=\"wp-show-posts-inner\" style=\"\">\t\t<div class=\"wp-show-posts-image  wpsp-image-center \">\n\t\t\t<a href=\"https:\/\/farmaciaselva.es\/es\/piel-sana-i-preparada-para-el-verano\/\"  title=\"Piel sana y preparada para el verano\"><img loading=\"lazy\" decoding=\"async\" width=\"800\" height=\"250\" src=\"https:\/\/farmaciaselva.es\/wp-content\/uploads\/2022\/07\/post_exfoliacion.jpg\" class=\"attachment-full size-full wp-post-image\" alt=\"\" itemprop=\"image\" srcset=\"https:\/\/farmaciaselva.es\/wp-content\/uploads\/2022\/07\/post_exfoliacion.jpg 800w, https:\/\/farmaciaselva.es\/wp-content\/uploads\/2022\/07\/post_exfoliacion-300x94.jpg 300w, https:\/\/farmaciaselva.es\/wp-content\/uploads\/2022\/07\/post_exfoliacion-768x240.jpg 768w, https:\/\/farmaciaselva.es\/wp-content\/uploads\/2022\/07\/post_exfoliacion-600x188.jpg 600w\" sizes=\"(max-width: 800px) 100vw, 800px\" \/><\/a>\t\t<\/div>\n\t\t\t\t\t\t\t\t<header class=\"wp-show-posts-entry-header\">\n\t\t\t\t\t\t\t<h5 class=\"wp-show-posts-entry-title\" itemprop=\"headline\"><a href=\"https:\/\/farmaciaselva.es\/es\/piel-sana-i-preparada-para-el-verano\/\" rel=\"bookmark\">Piel sana y preparada para el verano<\/a><\/h5>\t\t\t\t\t\t<\/header><!-- .entry-header -->\n\t\t\t\t\t\t\t\t\t\t\t<div class=\"wp-show-posts-entry-summary\" itemprop=\"text\">\n\t\t\t\t\t\t\t<p>Preparar tu piel por la llegada del sol ayudar\u00e1 a evitar la aparici\u00f3n de manchas y arrugas. <\/p>\n\t\t\t\t\t\t<\/div><!-- .entry-summary -->\n\t\t\t\t\t<\/div><!-- wp-show-posts-inner --><\/article><article class=\" wp-show-posts-single post-1163 post type-post status-publish format-standard has-post-thumbnail hentry category-consells-es wpsp-col-4\" itemtype=\"http:\/\/schema.org\/CreativeWork\" itemscope><div class=\"wp-show-posts-inner\" style=\"\">\t\t<div class=\"wp-show-posts-image  wpsp-image-center \">\n\t\t\t<a href=\"https:\/\/farmaciaselva.es\/es\/los-beneficios-de-la-aromaterapia-para-nuestra-salud\/\"  title=\"Los beneficios de la aromaterapia para nuestra salud\"><img loading=\"lazy\" decoding=\"async\" width=\"800\" height=\"250\" src=\"https:\/\/farmaciaselva.es\/wp-content\/uploads\/2022\/06\/imagen-post-interior.jpg\" class=\"attachment-full size-full wp-post-image\" alt=\"\" itemprop=\"image\" srcset=\"https:\/\/farmaciaselva.es\/wp-content\/uploads\/2022\/06\/imagen-post-interior.jpg 800w, https:\/\/farmaciaselva.es\/wp-content\/uploads\/2022\/06\/imagen-post-interior-300x94.jpg 300w, https:\/\/farmaciaselva.es\/wp-content\/uploads\/2022\/06\/imagen-post-interior-768x240.jpg 768w, https:\/\/farmaciaselva.es\/wp-content\/uploads\/2022\/06\/imagen-post-interior-600x188.jpg 600w\" sizes=\"(max-width: 800px) 100vw, 800px\" \/><\/a>\t\t<\/div>\n\t\t\t\t\t\t\t\t<header class=\"wp-show-posts-entry-header\">\n\t\t\t\t\t\t\t<h5 class=\"wp-show-posts-entry-title\" itemprop=\"headline\"><a href=\"https:\/\/farmaciaselva.es\/es\/los-beneficios-de-la-aromaterapia-para-nuestra-salud\/\" rel=\"bookmark\">Los beneficios de la aromaterapia para nuestra salud<\/a><\/h5>\t\t\t\t\t\t<\/header><!-- .entry-header -->\n\t\t\t\t\t\t\t\t\t\t\t<div class=\"wp-show-posts-entry-summary\" itemprop=\"text\">\n\t\t\t\t\t\t\t<p>La aromaterapia consiste en la combinaci\u00f3n de extractos de aceites esenciales de plantas arom\u00e1ticas.<\/p>\n\t\t\t\t\t\t<\/div><!-- .entry-summary -->\n\t\t\t\t\t<\/div><!-- wp-show-posts-inner --><\/article><article class=\" wp-show-posts-single post-880 post type-post status-publish format-standard has-post-thumbnail hentry category-consells-es wpsp-col-4\" itemtype=\"http:\/\/schema.org\/CreativeWork\" itemscope><div class=\"wp-show-posts-inner\" style=\"\">\t\t<div class=\"wp-show-posts-image  wpsp-image-center \">\n\t\t\t<a href=\"https:\/\/farmaciaselva.es\/es\/controlar-la-hipertension-te-puede-salvar-la-vida\/\"  title=\"Controlar la hipertensi\u00f3n te puede salvar la vida\"><img loading=\"lazy\" decoding=\"async\" width=\"800\" height=\"250\" src=\"https:\/\/farmaciaselva.es\/wp-content\/uploads\/2022\/02\/hipertension_blog.jpg\" class=\"attachment-full size-full wp-post-image\" alt=\"\" itemprop=\"image\" srcset=\"https:\/\/farmaciaselva.es\/wp-content\/uploads\/2022\/02\/hipertension_blog.jpg 800w, https:\/\/farmaciaselva.es\/wp-content\/uploads\/2022\/02\/hipertension_blog-300x94.jpg 300w, https:\/\/farmaciaselva.es\/wp-content\/uploads\/2022\/02\/hipertension_blog-768x240.jpg 768w, https:\/\/farmaciaselva.es\/wp-content\/uploads\/2022\/02\/hipertension_blog-600x188.jpg 600w\" sizes=\"(max-width: 800px) 100vw, 800px\" \/><\/a>\t\t<\/div>\n\t\t\t\t\t\t\t\t<header class=\"wp-show-posts-entry-header\">\n\t\t\t\t\t\t\t<h5 class=\"wp-show-posts-entry-title\" itemprop=\"headline\"><a href=\"https:\/\/farmaciaselva.es\/es\/controlar-la-hipertension-te-puede-salvar-la-vida\/\" rel=\"bookmark\">Controlar la hipertensi\u00f3n te puede salvar la vida<\/a><\/h5>\t\t\t\t\t\t<\/header><!-- .entry-header -->\n\t\t\t\t\t\t\t\t\t\t\t<div class=\"wp-show-posts-entry-summary\" itemprop=\"text\">\n\t\t\t\t\t\t\t<p>Te explicamos las claves de la hipertensi\u00f3n arterial, c\u00f3mo detectarla, c\u00f3mo interpretarla y qu\u00e9 medidas tomar para estar mejor.<\/p>\n\t\t\t\t\t\t<\/div><!-- .entry-summary -->\n\t\t\t\t\t<\/div><!-- wp-show-posts-inner --><\/article><article class=\" wp-show-posts-single post-841 post type-post status-publish format-standard has-post-thumbnail hentry category-consells-es wpsp-col-4\" itemtype=\"http:\/\/schema.org\/CreativeWork\" itemscope><div class=\"wp-show-posts-inner\" style=\"\">\t\t<div class=\"wp-show-posts-image  wpsp-image-center \">\n\t\t\t<a href=\"https:\/\/farmaciaselva.es\/es\/dieta_detox_beneficis_recomanacions\/\"  title=\"La dieta detox aplicada al bienestar interior y exterior\"><img loading=\"lazy\" decoding=\"async\" width=\"800\" height=\"250\" src=\"https:\/\/farmaciaselva.es\/wp-content\/uploads\/2022\/02\/detox_blog.jpg\" class=\"attachment-full size-full wp-post-image\" alt=\"\" itemprop=\"image\" srcset=\"https:\/\/farmaciaselva.es\/wp-content\/uploads\/2022\/02\/detox_blog.jpg 800w, https:\/\/farmaciaselva.es\/wp-content\/uploads\/2022\/02\/detox_blog-300x94.jpg 300w, https:\/\/farmaciaselva.es\/wp-content\/uploads\/2022\/02\/detox_blog-768x240.jpg 768w, https:\/\/farmaciaselva.es\/wp-content\/uploads\/2022\/02\/detox_blog-600x188.jpg 600w\" sizes=\"(max-width: 800px) 100vw, 800px\" \/><\/a>\t\t<\/div>\n\t\t\t\t\t\t\t\t<header class=\"wp-show-posts-entry-header\">\n\t\t\t\t\t\t\t<h5 class=\"wp-show-posts-entry-title\" itemprop=\"headline\"><a href=\"https:\/\/farmaciaselva.es\/es\/dieta_detox_beneficis_recomanacions\/\" rel=\"bookmark\">La dieta detox aplicada al bienestar interior y exterior<\/a><\/h5>\t\t\t\t\t\t<\/header><!-- .entry-header -->\n\t\t\t\t\t\t\t\t\t\t\t<div class=\"wp-show-posts-entry-summary\" itemprop=\"text\">\n\t\t\t\t\t\t\t<p>La dieta Detox ayuda a nuestro organismo a estar limpio y sano. Te explicamos c\u00f3mo ayudarlo a estar mejor.<\/p>\n\t\t\t\t\t\t<\/div><!-- .entry-summary -->\n\t\t\t\t\t<\/div><!-- wp-show-posts-inner --><\/article><div class=\"wpsp-clear\"><\/div><\/section><!-- .wp-show-posts -->\n","protected":false},"excerpt":{"rendered":"","protected":false},"author":2,"featured_media":0,"parent":0,"menu_order":0,"comment_status":"closed","ping_status":"closed","template":"","meta":{"_monsterinsights_skip_tracking":false,"_monsterinsights_sitenote_active":false,"_monsterinsights_sitenote_note":"","_monsterinsights_sitenote_category":0,"_joinchat":[],"footnotes":""},"class_list":["post-904","page","type-page","status-publish","hentry"],"yoast_head":"<!-- This site is optimized with the Yoast SEO plugin v27.4 - https:\/\/yoast.com\/product\/yoast-seo-wordpress\/ -->\n<title>Consejos de salud | Farmacia Selva<\/title>\n<meta name=\"robots\" content=\"index, follow, max-snippet:-1, max-image-preview:large, max-video-preview:-1\" \/>\n<link rel=\"canonical\" href=\"https:\/\/farmaciaselva.es\/es\/consejos-de-salud\/\" \/>\n<meta property=\"og:locale\" content=\"es_ES\" \/>\n<meta property=\"og:type\" content=\"article\" \/>\n<meta property=\"og:title\" content=\"Consejos de salud | Farmacia Selva\" \/>\n<meta property=\"og:url\" content=\"https:\/\/farmaciaselva.es\/es\/consejos-de-salud\/\" \/>\n<meta property=\"og:site_name\" content=\"Farmacia Selva\" \/>\n<meta property=\"article:modified_time\" content=\"2022-02-10T12:42:30+00:00\" \/>\n<meta name=\"twitter:card\" content=\"summary_large_image\" \/>\n<meta name=\"twitter:label1\" content=\"Tiempo de lectura\" \/>\n\t<meta name=\"twitter:data1\" content=\"1 minuto\" \/>\n<script type=\"application\/ld+json\" class=\"yoast-schema-graph\">{\"@context\":\"https:\\\/\\\/schema.org\",\"@graph\":[{\"@type\":\"WebPage\",\"@id\":\"https:\\\/\\\/farmaciaselva.es\\\/es\\\/consejos-de-salud\\\/\",\"url\":\"https:\\\/\\\/farmaciaselva.es\\\/es\\\/consejos-de-salud\\\/\",\"name\":\"Consejos de salud | Farmacia Selva\",\"isPartOf\":{\"@id\":\"https:\\\/\\\/farmaciaselva.es\\\/#website\"},\"datePublished\":\"2022-02-10T12:42:29+00:00\",\"dateModified\":\"2022-02-10T12:42:30+00:00\",\"breadcrumb\":{\"@id\":\"https:\\\/\\\/farmaciaselva.es\\\/es\\\/consejos-de-salud\\\/#breadcrumb\"},\"inLanguage\":\"es\",\"potentialAction\":[{\"@type\":\"ReadAction\",\"target\":[\"https:\\\/\\\/farmaciaselva.es\\\/es\\\/consejos-de-salud\\\/\"]}]},{\"@type\":\"BreadcrumbList\",\"@id\":\"https:\\\/\\\/farmaciaselva.es\\\/es\\\/consejos-de-salud\\\/#breadcrumb\",\"itemListElement\":[{\"@type\":\"ListItem\",\"position\":1,\"name\":\"Inici\",\"item\":\"https:\\\/\\\/farmaciaselva.es\\\/\"},{\"@type\":\"ListItem\",\"position\":2,\"name\":\"Consejos de salud\"}]},{\"@type\":\"WebSite\",\"@id\":\"https:\\\/\\\/farmaciaselva.es\\\/#website\",\"url\":\"https:\\\/\\\/farmaciaselva.es\\\/\",\"name\":\"Farmacia Selva\",\"description\":\"\",\"publisher\":{\"@id\":\"https:\\\/\\\/farmaciaselva.es\\\/#organization\"},\"potentialAction\":[{\"@type\":\"SearchAction\",\"target\":{\"@type\":\"EntryPoint\",\"urlTemplate\":\"https:\\\/\\\/farmaciaselva.es\\\/?s={search_term_string}\"},\"query-input\":{\"@type\":\"PropertyValueSpecification\",\"valueRequired\":true,\"valueName\":\"search_term_string\"}}],\"inLanguage\":\"es\"},{\"@type\":\"Organization\",\"@id\":\"https:\\\/\\\/farmaciaselva.es\\\/#organization\",\"name\":\"Farmacia Selva\",\"url\":\"https:\\\/\\\/farmaciaselva.es\\\/\",\"logo\":{\"@type\":\"ImageObject\",\"inLanguage\":\"es\",\"@id\":\"https:\\\/\\\/farmaciaselva.es\\\/#\\\/schema\\\/logo\\\/image\\\/\",\"url\":\"https:\\\/\\\/farmaciaselva.es\\\/wp-content\\\/uploads\\\/2021\\\/03\\\/logotip-selvaCB.png\",\"contentUrl\":\"https:\\\/\\\/farmaciaselva.es\\\/wp-content\\\/uploads\\\/2021\\\/03\\\/logotip-selvaCB.png\",\"width\":255,\"height\":100,\"caption\":\"Farmacia Selva\"},\"image\":{\"@id\":\"https:\\\/\\\/farmaciaselva.es\\\/#\\\/schema\\\/logo\\\/image\\\/\"}}]}<\/script>\n<!-- \/ Yoast SEO plugin. -->","yoast_head_json":{"title":"Consejos de salud | Farmacia Selva","robots":{"index":"index","follow":"follow","max-snippet":"max-snippet:-1","max-image-preview":"max-image-preview:large","max-video-preview":"max-video-preview:-1"},"canonical":"https:\/\/farmaciaselva.es\/es\/consejos-de-salud\/","og_locale":"es_ES","og_type":"article","og_title":"Consejos de salud | Farmacia Selva","og_url":"https:\/\/farmaciaselva.es\/es\/consejos-de-salud\/","og_site_name":"Farmacia Selva","article_modified_time":"2022-02-10T12:42:30+00:00","twitter_card":"summary_large_image","twitter_misc":{"Tiempo de lectura":"1 minuto"},"schema":{"@context":"https:\/\/schema.org","@graph":[{"@type":"WebPage","@id":"https:\/\/farmaciaselva.es\/es\/consejos-de-salud\/","url":"https:\/\/farmaciaselva.es\/es\/consejos-de-salud\/","name":"Consejos de salud | Farmacia Selva","isPartOf":{"@id":"https:\/\/farmaciaselva.es\/#website"},"datePublished":"2022-02-10T12:42:29+00:00","dateModified":"2022-02-10T12:42:30+00:00","breadcrumb":{"@id":"https:\/\/farmaciaselva.es\/es\/consejos-de-salud\/#breadcrumb"},"inLanguage":"es","potentialAction":[{"@type":"ReadAction","target":["https:\/\/farmaciaselva.es\/es\/consejos-de-salud\/"]}]},{"@type":"BreadcrumbList","@id":"https:\/\/farmaciaselva.es\/es\/consejos-de-salud\/#breadcrumb","itemListElement":[{"@type":"ListItem","position":1,"name":"Inici","item":"https:\/\/farmaciaselva.es\/"},{"@type":"ListItem","position":2,"name":"Consejos de salud"}]},{"@type":"WebSite","@id":"https:\/\/farmaciaselva.es\/#website","url":"https:\/\/farmaciaselva.es\/","name":"Farmacia Selva","description":"","publisher":{"@id":"https:\/\/farmaciaselva.es\/#organization"},"potentialAction":[{"@type":"SearchAction","target":{"@type":"EntryPoint","urlTemplate":"https:\/\/farmaciaselva.es\/?s={search_term_string}"},"query-input":{"@type":"PropertyValueSpecification","valueRequired":true,"valueName":"search_term_string"}}],"inLanguage":"es"},{"@type":"Organization","@id":"https:\/\/farmaciaselva.es\/#organization","name":"Farmacia Selva","url":"https:\/\/farmaciaselva.es\/","logo":{"@type":"ImageObject","inLanguage":"es","@id":"https:\/\/farmaciaselva.es\/#\/schema\/logo\/image\/","url":"https:\/\/farmaciaselva.es\/wp-content\/uploads\/2021\/03\/logotip-selvaCB.png","contentUrl":"https:\/\/farmaciaselva.es\/wp-content\/uploads\/2021\/03\/logotip-selvaCB.png","width":255,"height":100,"caption":"Farmacia Selva"},"image":{"@id":"https:\/\/farmaciaselva.es\/#\/schema\/logo\/image\/"}}]}},"_links":{"self":[{"href":"https:\/\/farmaciaselva.es\/es\/wp-json\/wp\/v2\/pages\/904","targetHints":{"allow":["GET"]}}],"collection":[{"href":"https:\/\/farmaciaselva.es\/es\/wp-json\/wp\/v2\/pages"}],"about":[{"href":"https:\/\/farmaciaselva.es\/es\/wp-json\/wp\/v2\/types\/page"}],"author":[{"embeddable":true,"href":"https:\/\/farmaciaselva.es\/es\/wp-json\/wp\/v2\/users\/2"}],"replies":[{"embeddable":true,"href":"https:\/\/farmaciaselva.es\/es\/wp-json\/wp\/v2\/comments?post=904"}],"version-history":[{"count":1,"href":"https:\/\/farmaciaselva.es\/es\/wp-json\/wp\/v2\/pages\/904\/revisions"}],"predecessor-version":[{"id":905,"href":"https:\/\/farmaciaselva.es\/es\/wp-json\/wp\/v2\/pages\/904\/revisions\/905"}],"wp:attachment":[{"href":"https:\/\/farmaciaselva.es\/es\/wp-json\/wp\/v2\/media?parent=904"}],"curies":[{"name":"wp","href":"https:\/\/api.w.org\/{rel}","templated":true}]}}